{"id":2959,"date":"2025-08-27T17:23:46","date_gmt":"2025-08-27T21:23:46","guid":{"rendered":"https:\/\/www.cab-acr.ca\/?page_id=2959"},"modified":"2026-02-23T09:30:06","modified_gmt":"2026-02-23T14:30:06","slug":"fnrc","status":"publish","type":"page","link":"https:\/\/www.cab-acr.ca\/fr\/fonds-de-nouvelles\/fnrc\/","title":{"rendered":"FNRC"},"content":{"rendered":"","protected":false},"excerpt":{"rendered":"","protected":false},"author":4,"featured_media":2955,"parent":2941,"menu_order":0,"comment_status":"closed","ping_status":"closed","template":"","meta":{"_acf_changed":true,"_genesis_hide_title":false,"_genesis_hide_breadcrumbs":false,"_genesis_hide_singular_image":false,"_genesis_hide_footer_widgets":false,"_genesis_custom_body_class":"","_genesis_custom_post_class":"","_genesis_layout":"","footnotes":""},"class_list":{"0":"post-2959","1":"page","2":"type-page","3":"status-publish","4":"has-post-thumbnail","6":"entry"},"acf":{"page_builder":[{"acf_fc_layout":"block-content","remove_padding":"","block_content":{"block_content_title":"Demandes ferm\u00e9es  |  \u00c9tat actuel en attente de la d\u00e9cision de la Cour","block_content_content":"L\u2019Association canadienne des radiodiffuseurs (ACR) est heureuse d\u2019annoncer le lancement du Fonds pour les nouvelles des radios commerciales (FNRC), une nouvelle initiative dont le but est d\u2019appuyer la production des nouvelles locales par les stations de radio commerciales qui fonctionnent \u00e0 l\u2019ext\u00e9rieur des plus grands march\u00e9s du Canada. Pour lire la d\u00e9cision int\u00e9grale que le CRTC a rendue approuvant la proposition de l\u2019ACR de mettre le FNRC en \u0153uvre, cliquez sur le lien suivant\u00a0: <a href=\"https:\/\/crtc.gc.ca\/fra\/archive\/2025\/2025-193.htm\">Politique r\u00e9glementaire de radiodiffusion CRTC 2025-193<\/a>.\r\n\r\n&nbsp;\r\n\r\n<strong>Crit\u00e8res d\u2019admissibilit\u00e9 <\/strong>\r\n\r\nPour \u00eatre admissible au financement par le biais du FNRC, votre station doit satisfaire \u00e0 <strong>tous<\/strong> les crit\u00e8res suivants\u00a0:\r\n<ul>\r\n \t<li>d\u00e9tenir une licence en tant que station de radio commerciale,<\/li>\r\n \t<li>fonctionner \u00e0 l\u2019ext\u00e9rieur des march\u00e9s d\u00e9sign\u00e9s, notamment\u00a0:\r\n<ul>\r\n \t<li>Montr\u00e9al<\/li>\r\n \t<li>Toronto<\/li>\r\n \t<li>Vancouver<\/li>\r\n \t<li>Calgary<\/li>\r\n \t<li>Edmonton<\/li>\r\n \t<li>Ottawa-Gatineau,<\/li>\r\n<\/ul>\r\n<\/li>\r\n \t<li>pr\u00e9senter des \u00e9missions de nouvelles et d\u2019information, y compris des nouvelles locales qui sont pertinentes pour la communaut\u00e9 desservie,<\/li>\r\n \t<li>\u00eatre un (membre) associ\u00e9 du Conseil canadien des normes de la radiot\u00e9l\u00e9vision (CCNR), soit directement, soit par le biais de son adh\u00e9sion \u00e0 l\u2019ACR.<\/li>\r\n<\/ul>\r\n<em>Nous encourageons toutes les stations admissibles \u00e0 faire une demande pour profiter de cette occasion importante de renforcer la couverture des nouvelles locales \u00e0 travers le Canada. Vous n\u2019\u00eates pas certain d\u2019\u00eatre admissible? Communiquez avec nous par courriel \u00e0 <a href=\"mailto:CRNF.FNRC@cab-acr.ca\">CRNF.FNRC@cab-acr.ca<\/a>.<\/em>\r\n\r\n&nbsp;\r\n\r\n<strong>Les int\u00e9ress\u00e9s ont jusqu\u2019au 15 septembre<\/strong> pour faire une demande pour la premi\u00e8re ann\u00e9e du FNRC<strong>. Veuillez noter que la distribution du financement ne peut commencer qu\u2019une fois que le r\u00e9sultat du processus d\u2019appel sera connu.<\/strong>"}}]},"yoast_head":"<!-- This site is optimized with the Yoast SEO plugin v27.4 - https:\/\/yoast.com\/product\/yoast-seo-wordpress\/ -->\n<title>FNRC - Association canadienne des radiodiffuseurs<\/title>\n<meta name=\"robots\" content=\"index, follow, max-snippet:-1, max-image-preview:large, max-video-preview:-1\" \/>\n<link rel=\"canonical\" href=\"https:\/\/www.cab-acr.ca\/fr\/fonds-de-nouvelles\/fnrc\/\" \/>\n<meta property=\"og:locale\" content=\"fr_FR\" \/>\n<meta property=\"og:type\" content=\"article\" \/>\n<meta property=\"og:title\" content=\"FNRC - Association canadienne des radiodiffuseurs\" \/>\n<meta property=\"og:url\" content=\"https:\/\/www.cab-acr.ca\/fr\/fonds-de-nouvelles\/fnrc\/\" \/>\n<meta property=\"og:site_name\" content=\"Association canadienne des radiodiffuseurs\" \/>\n<meta property=\"article:modified_time\" content=\"2026-02-23T14:30:06+00:00\" \/>\n<meta property=\"og:image\" content=\"https:\/\/www.cab-acr.ca\/wp-content\/uploads\/2025\/08\/CRNF-Email-Header-7.png\" \/>\n\t<meta property=\"og:image:width\" content=\"1600\" \/>\n\t<meta property=\"og:image:height\" content=\"900\" \/>\n\t<meta property=\"og:image:type\" content=\"image\/png\" \/>\n<meta name=\"twitter:card\" content=\"summary_large_image\" \/>\n<meta name=\"twitter:label1\" content=\"Dur\u00e9e de lecture estim\u00e9e\" \/>\n\t<meta name=\"twitter:data1\" content=\"1 minute\" \/>\n<script type=\"application\/ld+json\" class=\"yoast-schema-graph\">{\"@context\":\"https:\\\/\\\/schema.org\",\"@graph\":[{\"@type\":\"WebPage\",\"@id\":\"https:\\\/\\\/www.cab-acr.ca\\\/fr\\\/fonds-de-nouvelles\\\/fnrc\\\/\",\"url\":\"https:\\\/\\\/www.cab-acr.ca\\\/fr\\\/fonds-de-nouvelles\\\/fnrc\\\/\",\"name\":\"FNRC - Association canadienne des radiodiffuseurs\",\"isPartOf\":{\"@id\":\"https:\\\/\\\/www.cab-acr.ca\\\/fr\\\/#website\"},\"primaryImageOfPage\":{\"@id\":\"https:\\\/\\\/www.cab-acr.ca\\\/fr\\\/fonds-de-nouvelles\\\/fnrc\\\/#primaryimage\"},\"image\":{\"@id\":\"https:\\\/\\\/www.cab-acr.ca\\\/fr\\\/fonds-de-nouvelles\\\/fnrc\\\/#primaryimage\"},\"thumbnailUrl\":\"https:\\\/\\\/www.cab-acr.ca\\\/wp-content\\\/uploads\\\/2025\\\/08\\\/CRNF-Email-Header-7.png\",\"datePublished\":\"2025-08-27T21:23:46+00:00\",\"dateModified\":\"2026-02-23T14:30:06+00:00\",\"breadcrumb\":{\"@id\":\"https:\\\/\\\/www.cab-acr.ca\\\/fr\\\/fonds-de-nouvelles\\\/fnrc\\\/#breadcrumb\"},\"inLanguage\":\"fr-FR\",\"potentialAction\":[{\"@type\":\"ReadAction\",\"target\":[\"https:\\\/\\\/www.cab-acr.ca\\\/fr\\\/fonds-de-nouvelles\\\/fnrc\\\/\"]}]},{\"@type\":\"ImageObject\",\"inLanguage\":\"fr-FR\",\"@id\":\"https:\\\/\\\/www.cab-acr.ca\\\/fr\\\/fonds-de-nouvelles\\\/fnrc\\\/#primaryimage\",\"url\":\"https:\\\/\\\/www.cab-acr.ca\\\/wp-content\\\/uploads\\\/2025\\\/08\\\/CRNF-Email-Header-7.png\",\"contentUrl\":\"https:\\\/\\\/www.cab-acr.ca\\\/wp-content\\\/uploads\\\/2025\\\/08\\\/CRNF-Email-Header-7.png\",\"width\":1600,\"height\":900},{\"@type\":\"BreadcrumbList\",\"@id\":\"https:\\\/\\\/www.cab-acr.ca\\\/fr\\\/fonds-de-nouvelles\\\/fnrc\\\/#breadcrumb\",\"itemListElement\":[{\"@type\":\"ListItem\",\"position\":1,\"name\":\"Home\",\"item\":\"https:\\\/\\\/www.cab-acr.ca\\\/fr\\\/\"},{\"@type\":\"ListItem\",\"position\":2,\"name\":\"Fonds de nouvelles\",\"item\":\"https:\\\/\\\/www.cab-acr.ca\\\/fr\\\/fonds-de-nouvelles\\\/\"},{\"@type\":\"ListItem\",\"position\":3,\"name\":\"FNRC\"}]},{\"@type\":\"WebSite\",\"@id\":\"https:\\\/\\\/www.cab-acr.ca\\\/fr\\\/#website\",\"url\":\"https:\\\/\\\/www.cab-acr.ca\\\/fr\\\/\",\"name\":\"Association canadienne des radiodiffuseurs\",\"description\":\"ACR\",\"potentialAction\":[{\"@type\":\"SearchAction\",\"target\":{\"@type\":\"EntryPoint\",\"urlTemplate\":\"https:\\\/\\\/www.cab-acr.ca\\\/fr\\\/?s={search_term_string}\"},\"query-input\":{\"@type\":\"PropertyValueSpecification\",\"valueRequired\":true,\"valueName\":\"search_term_string\"}}],\"inLanguage\":\"fr-FR\"}]}<\/script>\n<!-- \/ Yoast SEO plugin. -->","yoast_head_json":{"title":"FNRC - Association canadienne des radiodiffuseurs","robots":{"index":"index","follow":"follow","max-snippet":"max-snippet:-1","max-image-preview":"max-image-preview:large","max-video-preview":"max-video-preview:-1"},"canonical":"https:\/\/www.cab-acr.ca\/fr\/fonds-de-nouvelles\/fnrc\/","og_locale":"fr_FR","og_type":"article","og_title":"FNRC - Association canadienne des radiodiffuseurs","og_url":"https:\/\/www.cab-acr.ca\/fr\/fonds-de-nouvelles\/fnrc\/","og_site_name":"Association canadienne des radiodiffuseurs","article_modified_time":"2026-02-23T14:30:06+00:00","og_image":[{"width":1600,"height":900,"url":"https:\/\/www.cab-acr.ca\/wp-content\/uploads\/2025\/08\/CRNF-Email-Header-7.png","type":"image\/png"}],"twitter_card":"summary_large_image","twitter_misc":{"Dur\u00e9e de lecture estim\u00e9e":"1 minute"},"schema":{"@context":"https:\/\/schema.org","@graph":[{"@type":"WebPage","@id":"https:\/\/www.cab-acr.ca\/fr\/fonds-de-nouvelles\/fnrc\/","url":"https:\/\/www.cab-acr.ca\/fr\/fonds-de-nouvelles\/fnrc\/","name":"FNRC - Association canadienne des radiodiffuseurs","isPartOf":{"@id":"https:\/\/www.cab-acr.ca\/fr\/#website"},"primaryImageOfPage":{"@id":"https:\/\/www.cab-acr.ca\/fr\/fonds-de-nouvelles\/fnrc\/#primaryimage"},"image":{"@id":"https:\/\/www.cab-acr.ca\/fr\/fonds-de-nouvelles\/fnrc\/#primaryimage"},"thumbnailUrl":"https:\/\/www.cab-acr.ca\/wp-content\/uploads\/2025\/08\/CRNF-Email-Header-7.png","datePublished":"2025-08-27T21:23:46+00:00","dateModified":"2026-02-23T14:30:06+00:00","breadcrumb":{"@id":"https:\/\/www.cab-acr.ca\/fr\/fonds-de-nouvelles\/fnrc\/#breadcrumb"},"inLanguage":"fr-FR","potentialAction":[{"@type":"ReadAction","target":["https:\/\/www.cab-acr.ca\/fr\/fonds-de-nouvelles\/fnrc\/"]}]},{"@type":"ImageObject","inLanguage":"fr-FR","@id":"https:\/\/www.cab-acr.ca\/fr\/fonds-de-nouvelles\/fnrc\/#primaryimage","url":"https:\/\/www.cab-acr.ca\/wp-content\/uploads\/2025\/08\/CRNF-Email-Header-7.png","contentUrl":"https:\/\/www.cab-acr.ca\/wp-content\/uploads\/2025\/08\/CRNF-Email-Header-7.png","width":1600,"height":900},{"@type":"BreadcrumbList","@id":"https:\/\/www.cab-acr.ca\/fr\/fonds-de-nouvelles\/fnrc\/#breadcrumb","itemListElement":[{"@type":"ListItem","position":1,"name":"Home","item":"https:\/\/www.cab-acr.ca\/fr\/"},{"@type":"ListItem","position":2,"name":"Fonds de nouvelles","item":"https:\/\/www.cab-acr.ca\/fr\/fonds-de-nouvelles\/"},{"@type":"ListItem","position":3,"name":"FNRC"}]},{"@type":"WebSite","@id":"https:\/\/www.cab-acr.ca\/fr\/#website","url":"https:\/\/www.cab-acr.ca\/fr\/","name":"Association canadienne des radiodiffuseurs","description":"ACR","potentialAction":[{"@type":"SearchAction","target":{"@type":"EntryPoint","urlTemplate":"https:\/\/www.cab-acr.ca\/fr\/?s={search_term_string}"},"query-input":{"@type":"PropertyValueSpecification","valueRequired":true,"valueName":"search_term_string"}}],"inLanguage":"fr-FR"}]}},"_links":{"self":[{"href":"https:\/\/www.cab-acr.ca\/fr\/wp-json\/wp\/v2\/pages\/2959","targetHints":{"allow":["GET"]}}],"collection":[{"href":"https:\/\/www.cab-acr.ca\/fr\/wp-json\/wp\/v2\/pages"}],"about":[{"href":"https:\/\/www.cab-acr.ca\/fr\/wp-json\/wp\/v2\/types\/page"}],"author":[{"embeddable":true,"href":"https:\/\/www.cab-acr.ca\/fr\/wp-json\/wp\/v2\/users\/4"}],"replies":[{"embeddable":true,"href":"https:\/\/www.cab-acr.ca\/fr\/wp-json\/wp\/v2\/comments?post=2959"}],"version-history":[{"count":0,"href":"https:\/\/www.cab-acr.ca\/fr\/wp-json\/wp\/v2\/pages\/2959\/revisions"}],"up":[{"embeddable":true,"href":"https:\/\/www.cab-acr.ca\/fr\/wp-json\/wp\/v2\/pages\/2941"}],"wp:featuredmedia":[{"embeddable":true,"href":"https:\/\/www.cab-acr.ca\/fr\/wp-json\/wp\/v2\/media\/2955"}],"wp:attachment":[{"href":"https:\/\/www.cab-acr.ca\/fr\/wp-json\/wp\/v2\/media?parent=2959"}],"curies":[{"name":"wp","href":"https:\/\/api.w.org\/{rel}","templated":true}]}}