{"id":2143,"date":"2022-01-04T20:58:11","date_gmt":"2022-01-04T20:58:11","guid":{"rendered":"https:\/\/cab-acr.ca\/a-propos-de-lacr\/privacy-policy\/"},"modified":"2022-02-10T20:57:00","modified_gmt":"2022-02-10T20:57:00","slug":"declaration-de-confidentialite","status":"publish","type":"page","link":"https:\/\/www.cab-acr.ca\/fr\/a-propos-de-lacr\/declaration-de-confidentialite\/","title":{"rendered":"D\u00e9claration de confidentialit\u00e9"},"content":{"rendered":"<p><!\u2014 wp:heading {\"translatedWithWPMLTM\":\"1\"} \u2014><\/p>\n<h2>Who we are<\/h2>\n<p><!\u2014 \/wp:heading \u2014><\/p>\n<p><!\u2014 wp:paragraph {\"translatedWithWPMLTM\":\"1\"} \u2014><\/p>\n<p><strong class=\"privacy-policy-tutorial\">Suggested text: <\/strong>Our website address is: https:\/\/cab-acr.ca.<\/p>\n<p><!\u2014 \/wp:paragraph \u2014><\/p>\n<p><!\u2014 wp:heading {\"translatedWithWPMLTM\":\"1\"} \u2014><\/p>\n<h2>Comments<\/h2>\n<p><!\u2014 \/wp:heading \u2014><\/p>\n<p><!\u2014 wp:paragraph {\"translatedWithWPMLTM\":\"1\"} \u2014><\/p>\n<p><strong class=\"privacy-policy-tutorial\">Suggested text: <\/strong>When visitors leave comments on the site we collect the data shown in the comments form, and also the visitor\u2019s IP address and browser user agent string to help spam detection.<\/p>\n<p><!\u2014 \/wp:paragraph \u2014><\/p>\n<p><!\u2014 wp:paragraph {\"translatedWithWPMLTM\":\"1\"} \u2014><\/p>\n<p>An anonymized string created from your email address (also called a hash) may be provided to the Gravatar service to see if you are using it. The Gravatar service privacy policy is available here: https:\/\/automattic.com\/privacy\/. After approval of your comment, your profile picture is visible to the public in the context of your comment.<\/p>\n<p><!\u2014 \/wp:paragraph \u2014><\/p>\n<p><!\u2014 wp:heading {\"translatedWithWPMLTM\":\"1\"} \u2014><\/p>\n<h2>Media<\/h2>\n<p><!\u2014 \/wp:heading \u2014><\/p>\n<p><!\u2014 wp:paragraph {\"translatedWithWPMLTM\":\"1\"} \u2014><\/p>\n<p><strong class=\"privacy-policy-tutorial\">Suggested text: <\/strong>If you upload images to the website, you should avoid uploading images with embedded location data (EXIF GPS) included. Visitors to the website can download and extract any location data from images on the website.<\/p>\n<p><!\u2014 \/wp:paragraph \u2014><\/p>\n<p><!\u2014 wp:heading {\"translatedWithWPMLTM\":\"1\"} \u2014><\/p>\n<h2>Cookies<\/h2>\n<p><!\u2014 \/wp:heading \u2014><\/p>\n<p><!\u2014 wp:paragraph {\"translatedWithWPMLTM\":\"1\"} \u2014><\/p>\n<p><strong class=\"privacy-policy-tutorial\">Suggested text: <\/strong>If you leave a comment on our site you may opt-in to saving your name, email address and website in cookies. These are for your convenience so that you do not have to fill in your details again when you leave another comment. These cookies will last for one year.<\/p>\n<p><!\u2014 \/wp:paragraph \u2014><\/p>\n<p><!\u2014 wp:paragraph {\"translatedWithWPMLTM\":\"1\"} \u2014><\/p>\n<p>If you visit our login page, we will set a temporary cookie to determine if your browser accepts cookies. This cookie contains no personal data and is discarded when you close your browser.<\/p>\n<p><!\u2014 \/wp:paragraph \u2014><\/p>\n<p><!\u2014 wp:paragraph {\"translatedWithWPMLTM\":\"1\"} \u2014><\/p>\n<p>When you log in, we will also set up several cookies to save your login information and your screen display choices. Login cookies last for two days, and screen options cookies last for a year. If you select \u00ab\u00a0Remember Me\u00a0\u00bb, your login will persist for two weeks. If you log out of your account, the login cookies will be removed.<\/p>\n<p><!\u2014 \/wp:paragraph \u2014><\/p>\n<p><!\u2014 wp:paragraph {\"translatedWithWPMLTM\":\"1\"} \u2014><\/p>\n<p>If you edit or publish an article, an additional cookie will be saved in your browser. This cookie includes no personal data and simply indicates the post ID of the article you just edited. It expires after 1 day.<\/p>\n<p><!\u2014 \/wp:paragraph \u2014><\/p>\n<p><!\u2014 wp:heading {\"translatedWithWPMLTM\":\"1\"} \u2014><\/p>\n<h2>Embedded content from other websites<\/h2>\n<p><!\u2014 \/wp:heading \u2014><\/p>\n<p><!\u2014 wp:paragraph {\"translatedWithWPMLTM\":\"1\"} \u2014><\/p>\n<p><strong class=\"privacy-policy-tutorial\">Suggested text: <\/strong>Articles on this site may include embedded content (e.g. videos, images, articles, etc.). Embedded content from other websites behaves in the exact same way as if the visitor has visited the other website.<\/p>\n<p><!\u2014 \/wp:paragraph \u2014><\/p>\n<p><!\u2014 wp:paragraph {\"translatedWithWPMLTM\":\"1\"} \u2014><\/p>\n<p>These websites may collect data about you, use cookies, embed additional third-party tracking, and monitor your interaction with that embedded content, including tracking your interaction with the embedded content if you have an account and are logged in to that website.<\/p>\n<p><!\u2014 \/wp:paragraph \u2014><\/p>\n<p><!\u2014 wp:heading {\"translatedWithWPMLTM\":\"1\"} \u2014><\/p>\n<h2>Who we share your data with<\/h2>\n<p><!\u2014 \/wp:heading \u2014><\/p>\n<p><!\u2014 wp:paragraph {\"translatedWithWPMLTM\":\"1\"} \u2014><\/p>\n<p><strong class=\"privacy-policy-tutorial\">Suggested text: <\/strong>If you request a password reset, your IP address will be included in the reset email.<\/p>\n<p><!\u2014 \/wp:paragraph \u2014><\/p>\n<p><!\u2014 wp:heading {\"translatedWithWPMLTM\":\"1\"} \u2014><\/p>\n<h2>How long we retain your data<\/h2>\n<p><!\u2014 \/wp:heading \u2014><\/p>\n<p><!\u2014 wp:paragraph {\"translatedWithWPMLTM\":\"1\"} \u2014><\/p>\n<p><strong class=\"privacy-policy-tutorial\">Suggested text: <\/strong>If you leave a comment, the comment and its metadata are retained indefinitely. This is so we can recognize and approve any follow-up comments automatically instead of holding them in a moderation queue.<\/p>\n<p><!\u2014 \/wp:paragraph \u2014><\/p>\n<p><!\u2014 wp:paragraph {\"translatedWithWPMLTM\":\"1\"} \u2014><\/p>\n<p>For users that register on our website (if any), we also store the personal information they provide in their user profile. All users can see, edit, or delete their personal information at any time (except they cannot change their username). Website administrators can also see and edit that information.<\/p>\n<p><!\u2014 \/wp:paragraph \u2014><\/p>\n<p><!\u2014 wp:heading {\"translatedWithWPMLTM\":\"1\"} \u2014><\/p>\n<h2>What rights you have over your data<\/h2>\n<p><!\u2014 \/wp:heading \u2014><\/p>\n<p><!\u2014 wp:paragraph {\"translatedWithWPMLTM\":\"1\"} \u2014><\/p>\n<p><strong class=\"privacy-policy-tutorial\">Suggested text: <\/strong>If you have an account on this site, or have left comments, you can request to receive an exported file of the personal data we hold about you, including any data you have provided to us. You can also request that we erase any personal data we hold about you. This does not include any data we are obliged to keep for administrative, legal, or security purposes.<\/p>\n<p><!\u2014 \/wp:paragraph \u2014><\/p>\n<p><!\u2014 wp:heading {\"translatedWithWPMLTM\":\"1\"} \u2014><\/p>\n<h2>Where we send your data<\/h2>\n<p><!\u2014 \/wp:heading \u2014><\/p>\n<p><!\u2014 wp:paragraph {\"translatedWithWPMLTM\":\"1\"} \u2014><\/p>\n<p><strong class=\"privacy-policy-tutorial\">Suggested text: <\/strong>Visitor comments may be checked through an automated spam detection service.<\/p>\n<p><!\u2014 \/wp:paragraph \u2014><\/p>\n","protected":false},"excerpt":{"rendered":"<p>Who we are Suggested text: Our website address is: https:\/\/cab-acr.ca. Comments Suggested text: When visitors leave comments on the site we collect the data shown in the comments form, and also the visitor\u2019s IP address and browser user agent string to help spam detection. An anonymized string created from your email address (also called a [&hellip;]<\/p>\n","protected":false},"author":4,"featured_media":0,"parent":2125,"menu_order":0,"comment_status":"closed","ping_status":"closed","template":"","meta":{"_acf_changed":false,"_genesis_hide_title":false,"_genesis_hide_breadcrumbs":false,"_genesis_hide_singular_image":false,"_genesis_hide_footer_widgets":false,"_genesis_custom_body_class":"","_genesis_custom_post_class":"","_genesis_layout":"","footnotes":""},"class_list":{"0":"post-2143","1":"page","2":"type-page","3":"status-publish","5":"entry"},"acf":{"page_builder":[{"acf_fc_layout":"block-content","remove_padding":"","block_content":{"block_content_title":"","block_content_content":"Merci de visiter le site Web de l'ACR. Nous estimons important de prot\u00e9ger la confidentialit\u00e9 des renseignements que vous nous fournirez. Le pr\u00e9sent avis a pour but d'expliquer notre politique en mati\u00e8re de renseignements fournis en ligne.\r\n\r\nVous fournirez parfois des renseignements personnels \u00e0 l'ACR si, par exemple, vous communiquez avec nous par courriel par le biais de ce site ou vous participez \u00e0 un sondage en ligne.\r\n\r\nL'ACR fait ni la cueillette ni l'utilisation des renseignements personnels obtenus par le biais de ce site sans le consentement des personnes touch\u00e9es. L'ACR ne fournit pas non plus les renseignements personnels obtenus par le biais de ce site Web \u00e0 d'autres sans le consentement des int\u00e9ress\u00e9s.\r\n\r\n&nbsp;\r\n\r\n<img src=\"https:\/\/cab-acr.ca\/french\/images\/trans_pixel.gif\" alt=\"\" width=\"442\" height=\"1\" border=\"0\" \/>\r\n\r\n&nbsp;"}}]},"yoast_head":"<!-- This site is optimized with the Yoast SEO plugin v27.4 - https:\/\/yoast.com\/product\/yoast-seo-wordpress\/ -->\n<title>D\u00e9claration de confidentialit\u00e9 - Association canadienne des radiodiffuseurs<\/title>\n<meta name=\"robots\" content=\"index, follow, max-snippet:-1, max-image-preview:large, max-video-preview:-1\" \/>\n<link rel=\"canonical\" href=\"https:\/\/www.cab-acr.ca\/fr\/a-propos-de-lacr\/declaration-de-confidentialite\/\" \/>\n<meta property=\"og:locale\" content=\"fr_FR\" \/>\n<meta property=\"og:type\" content=\"article\" \/>\n<meta property=\"og:title\" content=\"D\u00e9claration de confidentialit\u00e9 - Association canadienne des radiodiffuseurs\" \/>\n<meta property=\"og:description\" content=\"Who we are Suggested text: Our website address is: https:\/\/cab-acr.ca. Comments Suggested text: When visitors leave comments on the site we collect the data shown in the comments form, and also the visitor\u2019s IP address and browser user agent string to help spam detection. An anonymized string created from your email address (also called a [&hellip;]\" \/>\n<meta property=\"og:url\" content=\"https:\/\/www.cab-acr.ca\/fr\/a-propos-de-lacr\/declaration-de-confidentialite\/\" \/>\n<meta property=\"og:site_name\" content=\"Association canadienne des radiodiffuseurs\" \/>\n<meta property=\"article:modified_time\" content=\"2022-02-10T20:57:00+00:00\" \/>\n<meta name=\"twitter:card\" content=\"summary_large_image\" \/>\n<meta name=\"twitter:label1\" content=\"Dur\u00e9e de lecture estim\u00e9e\" \/>\n\t<meta name=\"twitter:data1\" content=\"3 minutes\" \/>\n<script type=\"application\/ld+json\" class=\"yoast-schema-graph\">{\"@context\":\"https:\\\/\\\/schema.org\",\"@graph\":[{\"@type\":\"WebPage\",\"@id\":\"https:\\\/\\\/www.cab-acr.ca\\\/fr\\\/a-propos-de-lacr\\\/declaration-de-confidentialite\\\/\",\"url\":\"https:\\\/\\\/www.cab-acr.ca\\\/fr\\\/a-propos-de-lacr\\\/declaration-de-confidentialite\\\/\",\"name\":\"D\u00e9claration de confidentialit\u00e9 - Association canadienne des radiodiffuseurs\",\"isPartOf\":{\"@id\":\"https:\\\/\\\/www.cab-acr.ca\\\/fr\\\/#website\"},\"datePublished\":\"2022-01-04T20:58:11+00:00\",\"dateModified\":\"2022-02-10T20:57:00+00:00\",\"breadcrumb\":{\"@id\":\"https:\\\/\\\/www.cab-acr.ca\\\/fr\\\/a-propos-de-lacr\\\/declaration-de-confidentialite\\\/#breadcrumb\"},\"inLanguage\":\"fr-FR\",\"potentialAction\":[{\"@type\":\"ReadAction\",\"target\":[\"https:\\\/\\\/www.cab-acr.ca\\\/fr\\\/a-propos-de-lacr\\\/declaration-de-confidentialite\\\/\"]}]},{\"@type\":\"BreadcrumbList\",\"@id\":\"https:\\\/\\\/www.cab-acr.ca\\\/fr\\\/a-propos-de-lacr\\\/declaration-de-confidentialite\\\/#breadcrumb\",\"itemListElement\":[{\"@type\":\"ListItem\",\"position\":1,\"name\":\"Home\",\"item\":\"https:\\\/\\\/www.cab-acr.ca\\\/fr\\\/\"},{\"@type\":\"ListItem\",\"position\":2,\"name\":\"\u00c0 propos de l\u2019ACR\",\"item\":\"https:\\\/\\\/www.cab-acr.ca\\\/fr\\\/a-propos-de-lacr\\\/\"},{\"@type\":\"ListItem\",\"position\":3,\"name\":\"D\u00e9claration de confidentialit\u00e9\"}]},{\"@type\":\"WebSite\",\"@id\":\"https:\\\/\\\/www.cab-acr.ca\\\/fr\\\/#website\",\"url\":\"https:\\\/\\\/www.cab-acr.ca\\\/fr\\\/\",\"name\":\"Association canadienne des radiodiffuseurs\",\"description\":\"ACR\",\"potentialAction\":[{\"@type\":\"SearchAction\",\"target\":{\"@type\":\"EntryPoint\",\"urlTemplate\":\"https:\\\/\\\/www.cab-acr.ca\\\/fr\\\/?s={search_term_string}\"},\"query-input\":{\"@type\":\"PropertyValueSpecification\",\"valueRequired\":true,\"valueName\":\"search_term_string\"}}],\"inLanguage\":\"fr-FR\"}]}<\/script>\n<!-- \/ Yoast SEO plugin. -->","yoast_head_json":{"title":"D\u00e9claration de confidentialit\u00e9 - Association canadienne des radiodiffuseurs","robots":{"index":"index","follow":"follow","max-snippet":"max-snippet:-1","max-image-preview":"max-image-preview:large","max-video-preview":"max-video-preview:-1"},"canonical":"https:\/\/www.cab-acr.ca\/fr\/a-propos-de-lacr\/declaration-de-confidentialite\/","og_locale":"fr_FR","og_type":"article","og_title":"D\u00e9claration de confidentialit\u00e9 - Association canadienne des radiodiffuseurs","og_description":"Who we are Suggested text: Our website address is: https:\/\/cab-acr.ca. Comments Suggested text: When visitors leave comments on the site we collect the data shown in the comments form, and also the visitor\u2019s IP address and browser user agent string to help spam detection. An anonymized string created from your email address (also called a [&hellip;]","og_url":"https:\/\/www.cab-acr.ca\/fr\/a-propos-de-lacr\/declaration-de-confidentialite\/","og_site_name":"Association canadienne des radiodiffuseurs","article_modified_time":"2022-02-10T20:57:00+00:00","twitter_card":"summary_large_image","twitter_misc":{"Dur\u00e9e de lecture estim\u00e9e":"3 minutes"},"schema":{"@context":"https:\/\/schema.org","@graph":[{"@type":"WebPage","@id":"https:\/\/www.cab-acr.ca\/fr\/a-propos-de-lacr\/declaration-de-confidentialite\/","url":"https:\/\/www.cab-acr.ca\/fr\/a-propos-de-lacr\/declaration-de-confidentialite\/","name":"D\u00e9claration de confidentialit\u00e9 - Association canadienne des radiodiffuseurs","isPartOf":{"@id":"https:\/\/www.cab-acr.ca\/fr\/#website"},"datePublished":"2022-01-04T20:58:11+00:00","dateModified":"2022-02-10T20:57:00+00:00","breadcrumb":{"@id":"https:\/\/www.cab-acr.ca\/fr\/a-propos-de-lacr\/declaration-de-confidentialite\/#breadcrumb"},"inLanguage":"fr-FR","potentialAction":[{"@type":"ReadAction","target":["https:\/\/www.cab-acr.ca\/fr\/a-propos-de-lacr\/declaration-de-confidentialite\/"]}]},{"@type":"BreadcrumbList","@id":"https:\/\/www.cab-acr.ca\/fr\/a-propos-de-lacr\/declaration-de-confidentialite\/#breadcrumb","itemListElement":[{"@type":"ListItem","position":1,"name":"Home","item":"https:\/\/www.cab-acr.ca\/fr\/"},{"@type":"ListItem","position":2,"name":"\u00c0 propos de l\u2019ACR","item":"https:\/\/www.cab-acr.ca\/fr\/a-propos-de-lacr\/"},{"@type":"ListItem","position":3,"name":"D\u00e9claration de confidentialit\u00e9"}]},{"@type":"WebSite","@id":"https:\/\/www.cab-acr.ca\/fr\/#website","url":"https:\/\/www.cab-acr.ca\/fr\/","name":"Association canadienne des radiodiffuseurs","description":"ACR","potentialAction":[{"@type":"SearchAction","target":{"@type":"EntryPoint","urlTemplate":"https:\/\/www.cab-acr.ca\/fr\/?s={search_term_string}"},"query-input":{"@type":"PropertyValueSpecification","valueRequired":true,"valueName":"search_term_string"}}],"inLanguage":"fr-FR"}]}},"_links":{"self":[{"href":"https:\/\/www.cab-acr.ca\/fr\/wp-json\/wp\/v2\/pages\/2143","targetHints":{"allow":["GET"]}}],"collection":[{"href":"https:\/\/www.cab-acr.ca\/fr\/wp-json\/wp\/v2\/pages"}],"about":[{"href":"https:\/\/www.cab-acr.ca\/fr\/wp-json\/wp\/v2\/types\/page"}],"author":[{"embeddable":true,"href":"https:\/\/www.cab-acr.ca\/fr\/wp-json\/wp\/v2\/users\/4"}],"replies":[{"embeddable":true,"href":"https:\/\/www.cab-acr.ca\/fr\/wp-json\/wp\/v2\/comments?post=2143"}],"version-history":[{"count":0,"href":"https:\/\/www.cab-acr.ca\/fr\/wp-json\/wp\/v2\/pages\/2143\/revisions"}],"up":[{"embeddable":true,"href":"https:\/\/www.cab-acr.ca\/fr\/wp-json\/wp\/v2\/pages\/2125"}],"wp:attachment":[{"href":"https:\/\/www.cab-acr.ca\/fr\/wp-json\/wp\/v2\/media?parent=2143"}],"curies":[{"name":"wp","href":"https:\/\/api.w.org\/{rel}","templated":true}]}}