{"id":2130,"date":"2022-01-06T16:23:27","date_gmt":"2022-01-06T16:23:27","guid":{"rendered":"https:\/\/cab-acr.ca\/les-codes\/"},"modified":"2022-02-09T22:19:33","modified_gmt":"2022-02-09T22:19:33","slug":"les-codes","status":"publish","type":"page","link":"https:\/\/www.cab-acr.ca\/fr\/les-codes\/","title":{"rendered":"Les Codes"},"content":{"rendered":"","protected":false},"excerpt":{"rendered":"","protected":false},"author":4,"featured_media":2122,"parent":0,"menu_order":0,"comment_status":"closed","ping_status":"closed","template":"","meta":{"_acf_changed":false,"_genesis_hide_title":false,"_genesis_hide_breadcrumbs":false,"_genesis_hide_singular_image":false,"_genesis_hide_footer_widgets":false,"_genesis_custom_body_class":"","_genesis_custom_post_class":"","_genesis_layout":"","footnotes":""},"class_list":{"0":"post-2130","1":"page","2":"type-page","3":"status-publish","4":"has-post-thumbnail","6":"entry"},"acf":{"page_builder":[{"acf_fc_layout":"block-codes","remove_padding":"","block_codes_section_title":"","block_codes":[{"block_codes_single_code":{"block_codes_single_code_title":"Code de d\u00e9ontologie de l\u2019ACR","block_codes_single_code_description":"Ce Code de d\u00e9ontologie a pour objet de montrer combien les propri\u00e9taires et les directeurs de stations de radiot\u00e9l\u00e9diffusion, de r\u00e9seaux et de services sp\u00e9cialis\u00e9s\r\n(\u00ab radiot\u00e9l\u00e9diffuseurs \u00bb) sont conscients de ce qui constitue leur principale responsabilit\u00e9 en tant que partie int\u00e9grante des m\u00e9dias de communication au Canada. Ils reconnaissent qu\u2019ils doivent assurer \u00e0 leurs auditeurs ou t\u00e9l\u00e9spectateurs la diffusion de l\u2019information et des nouvelles, leur procurer des divertissements aussi vari\u00e9s que le sont les go\u00fbts des diverses cat\u00e9gories d\u2019auditoires et qu\u2019il leur incombe, dans leurs relations avec les annonceurs et leurs agences, de se conformer aux normes de probit\u00e9 professionnelle.\r\n","block_codes_single_code_read_more_link":"https:\/\/www.cbsc.ca\/fr\/les-codes\/code-de-deontologie-de-acr\/"}},{"block_codes_single_code":{"block_codes_single_code_title":"Code de l\u2019ACR concernant la violence \u00e0 la t\u00e9l\u00e9vision","block_codes_single_code_description":"Ce Code concr\u00e9tise une d\u00e9marche responsable et constructive face \u00e0 la question de la violence dans les \u00e9missions pr\u00e9sent\u00e9es par les t\u00e9l\u00e9diffuseurs priv\u00e9s qui \u00e9mettent leurs signaux directement sur les ondes au Canada.","block_codes_single_code_read_more_link":"https:\/\/www.cbsc.ca\/fr\/les-codes\/code-concernant-la-violence\/"}},{"block_codes_single_code":{"block_codes_single_code_title":"Code de l\u2019ACR sur la repr\u00e9sentation \u00e9quitable","block_codes_single_code_description":"Ce Code t\u00e9moigne des responsabilit\u00e9s qu\u2019ont les titulaires, en vertu de la Loi sur la radiodiffusion, de faire en sorte que leur programmation et services de radiodiffusion se conforment aux normes les plus \u00e9lev\u00e9es. Il fait \u00e9galement preuve de l\u2019engagement des radiodiffuseurs priv\u00e9s envers la repr\u00e9sentation \u00e9quitable de toutes les personnes dans leur programmation.","block_codes_single_code_read_more_link":"https:\/\/www.cbsc.ca\/fr\/les-codes\/code-sur-la-representation-equitable\/"}},{"block_codes_single_code":{"block_codes_single_code_title":"Le Code de la publicit\u00e9 radiot\u00e9l\u00e9vis\u00e9e destin\u00e9e aux enfants","block_codes_single_code_description":"Au Canada, la publicit\u00e9 destin\u00e9e aux enfants est un aspect du marketing et de la communication que les industries canadiennes traitent dans le respect des normes les plus \u00e9lev\u00e9es et du plus haut niveau de responsabilit\u00e9. Acclam\u00e9 autour du monde comme un des syst\u00e8mes de codes et de normes les plus complets sur la publicit\u00e9 responsable pour les enfants, le syst\u00e8me canadien est souvent cit\u00e9 en exemple comme la norme par rapport \u00e0 laquelle les autres pays sont compar\u00e9s. Des groupes internationaux, entre autres l\u2019Organisation mondiale de la sant\u00e9, y font souvent r\u00e9f\u00e9rence.","block_codes_single_code_read_more_link":"https:\/\/adstandards.ca\/fr\/preapprobation\/code-aux-enfants\/  "}}]}]},"yoast_head":"<!-- This site is optimized with the Yoast SEO plugin v27.5 - https:\/\/yoast.com\/product\/yoast-seo-wordpress\/ -->\n<title>Les Codes - Association canadienne des radiodiffuseurs<\/title>\n<meta name=\"robots\" content=\"index, follow, max-snippet:-1, max-image-preview:large, max-video-preview:-1\" \/>\n<link rel=\"canonical\" href=\"https:\/\/www.cab-acr.ca\/fr\/les-codes\/\" \/>\n<meta property=\"og:locale\" content=\"fr_FR\" \/>\n<meta property=\"og:type\" content=\"article\" \/>\n<meta property=\"og:title\" content=\"Les Codes - Association canadienne des radiodiffuseurs\" \/>\n<meta property=\"og:url\" content=\"https:\/\/www.cab-acr.ca\/fr\/les-codes\/\" \/>\n<meta property=\"og:site_name\" content=\"Association canadienne des radiodiffuseurs\" \/>\n<meta property=\"article:modified_time\" content=\"2022-02-09T22:19:33+00:00\" \/>\n<meta property=\"og:image\" content=\"https:\/\/www.cab-acr.ca\/wp-content\/uploads\/2022\/01\/codes-heroimg-sm.png\" \/>\n\t<meta property=\"og:image:width\" content=\"2100\" \/>\n\t<meta property=\"og:image:height\" content=\"965\" \/>\n\t<meta property=\"og:image:type\" content=\"image\/png\" \/>\n<meta name=\"twitter:card\" content=\"summary_large_image\" \/>\n<script type=\"application\/ld+json\" class=\"yoast-schema-graph\">{\"@context\":\"https:\\\/\\\/schema.org\",\"@graph\":[{\"@type\":\"WebPage\",\"@id\":\"https:\\\/\\\/www.cab-acr.ca\\\/fr\\\/les-codes\\\/\",\"url\":\"https:\\\/\\\/www.cab-acr.ca\\\/fr\\\/les-codes\\\/\",\"name\":\"Les Codes - Association canadienne des radiodiffuseurs\",\"isPartOf\":{\"@id\":\"https:\\\/\\\/www.cab-acr.ca\\\/fr\\\/#website\"},\"primaryImageOfPage\":{\"@id\":\"https:\\\/\\\/www.cab-acr.ca\\\/fr\\\/les-codes\\\/#primaryimage\"},\"image\":{\"@id\":\"https:\\\/\\\/www.cab-acr.ca\\\/fr\\\/les-codes\\\/#primaryimage\"},\"thumbnailUrl\":\"https:\\\/\\\/www.cab-acr.ca\\\/wp-content\\\/uploads\\\/2022\\\/01\\\/codes-heroimg-sm.png\",\"datePublished\":\"2022-01-06T16:23:27+00:00\",\"dateModified\":\"2022-02-09T22:19:33+00:00\",\"breadcrumb\":{\"@id\":\"https:\\\/\\\/www.cab-acr.ca\\\/fr\\\/les-codes\\\/#breadcrumb\"},\"inLanguage\":\"fr-FR\",\"potentialAction\":[{\"@type\":\"ReadAction\",\"target\":[\"https:\\\/\\\/www.cab-acr.ca\\\/fr\\\/les-codes\\\/\"]}]},{\"@type\":\"ImageObject\",\"inLanguage\":\"fr-FR\",\"@id\":\"https:\\\/\\\/www.cab-acr.ca\\\/fr\\\/les-codes\\\/#primaryimage\",\"url\":\"https:\\\/\\\/www.cab-acr.ca\\\/wp-content\\\/uploads\\\/2022\\\/01\\\/codes-heroimg-sm.png\",\"contentUrl\":\"https:\\\/\\\/www.cab-acr.ca\\\/wp-content\\\/uploads\\\/2022\\\/01\\\/codes-heroimg-sm.png\",\"width\":2100,\"height\":965},{\"@type\":\"BreadcrumbList\",\"@id\":\"https:\\\/\\\/www.cab-acr.ca\\\/fr\\\/les-codes\\\/#breadcrumb\",\"itemListElement\":[{\"@type\":\"ListItem\",\"position\":1,\"name\":\"Home\",\"item\":\"https:\\\/\\\/www.cab-acr.ca\\\/fr\\\/\"},{\"@type\":\"ListItem\",\"position\":2,\"name\":\"Les Codes\"}]},{\"@type\":\"WebSite\",\"@id\":\"https:\\\/\\\/www.cab-acr.ca\\\/fr\\\/#website\",\"url\":\"https:\\\/\\\/www.cab-acr.ca\\\/fr\\\/\",\"name\":\"Association canadienne des radiodiffuseurs\",\"description\":\"ACR\",\"potentialAction\":[{\"@type\":\"SearchAction\",\"target\":{\"@type\":\"EntryPoint\",\"urlTemplate\":\"https:\\\/\\\/www.cab-acr.ca\\\/fr\\\/?s={search_term_string}\"},\"query-input\":{\"@type\":\"PropertyValueSpecification\",\"valueRequired\":true,\"valueName\":\"search_term_string\"}}],\"inLanguage\":\"fr-FR\"}]}<\/script>\n<!-- \/ Yoast SEO plugin. -->","yoast_head_json":{"title":"Les Codes - Association canadienne des radiodiffuseurs","robots":{"index":"index","follow":"follow","max-snippet":"max-snippet:-1","max-image-preview":"max-image-preview:large","max-video-preview":"max-video-preview:-1"},"canonical":"https:\/\/www.cab-acr.ca\/fr\/les-codes\/","og_locale":"fr_FR","og_type":"article","og_title":"Les Codes - Association canadienne des radiodiffuseurs","og_url":"https:\/\/www.cab-acr.ca\/fr\/les-codes\/","og_site_name":"Association canadienne des radiodiffuseurs","article_modified_time":"2022-02-09T22:19:33+00:00","og_image":[{"width":2100,"height":965,"url":"https:\/\/www.cab-acr.ca\/wp-content\/uploads\/2022\/01\/codes-heroimg-sm.png","type":"image\/png"}],"twitter_card":"summary_large_image","schema":{"@context":"https:\/\/schema.org","@graph":[{"@type":"WebPage","@id":"https:\/\/www.cab-acr.ca\/fr\/les-codes\/","url":"https:\/\/www.cab-acr.ca\/fr\/les-codes\/","name":"Les Codes - Association canadienne des radiodiffuseurs","isPartOf":{"@id":"https:\/\/www.cab-acr.ca\/fr\/#website"},"primaryImageOfPage":{"@id":"https:\/\/www.cab-acr.ca\/fr\/les-codes\/#primaryimage"},"image":{"@id":"https:\/\/www.cab-acr.ca\/fr\/les-codes\/#primaryimage"},"thumbnailUrl":"https:\/\/www.cab-acr.ca\/wp-content\/uploads\/2022\/01\/codes-heroimg-sm.png","datePublished":"2022-01-06T16:23:27+00:00","dateModified":"2022-02-09T22:19:33+00:00","breadcrumb":{"@id":"https:\/\/www.cab-acr.ca\/fr\/les-codes\/#breadcrumb"},"inLanguage":"fr-FR","potentialAction":[{"@type":"ReadAction","target":["https:\/\/www.cab-acr.ca\/fr\/les-codes\/"]}]},{"@type":"ImageObject","inLanguage":"fr-FR","@id":"https:\/\/www.cab-acr.ca\/fr\/les-codes\/#primaryimage","url":"https:\/\/www.cab-acr.ca\/wp-content\/uploads\/2022\/01\/codes-heroimg-sm.png","contentUrl":"https:\/\/www.cab-acr.ca\/wp-content\/uploads\/2022\/01\/codes-heroimg-sm.png","width":2100,"height":965},{"@type":"BreadcrumbList","@id":"https:\/\/www.cab-acr.ca\/fr\/les-codes\/#breadcrumb","itemListElement":[{"@type":"ListItem","position":1,"name":"Home","item":"https:\/\/www.cab-acr.ca\/fr\/"},{"@type":"ListItem","position":2,"name":"Les Codes"}]},{"@type":"WebSite","@id":"https:\/\/www.cab-acr.ca\/fr\/#website","url":"https:\/\/www.cab-acr.ca\/fr\/","name":"Association canadienne des radiodiffuseurs","description":"ACR","potentialAction":[{"@type":"SearchAction","target":{"@type":"EntryPoint","urlTemplate":"https:\/\/www.cab-acr.ca\/fr\/?s={search_term_string}"},"query-input":{"@type":"PropertyValueSpecification","valueRequired":true,"valueName":"search_term_string"}}],"inLanguage":"fr-FR"}]}},"_links":{"self":[{"href":"https:\/\/www.cab-acr.ca\/fr\/wp-json\/wp\/v2\/pages\/2130","targetHints":{"allow":["GET"]}}],"collection":[{"href":"https:\/\/www.cab-acr.ca\/fr\/wp-json\/wp\/v2\/pages"}],"about":[{"href":"https:\/\/www.cab-acr.ca\/fr\/wp-json\/wp\/v2\/types\/page"}],"author":[{"embeddable":true,"href":"https:\/\/www.cab-acr.ca\/fr\/wp-json\/wp\/v2\/users\/4"}],"replies":[{"embeddable":true,"href":"https:\/\/www.cab-acr.ca\/fr\/wp-json\/wp\/v2\/comments?post=2130"}],"version-history":[{"count":0,"href":"https:\/\/www.cab-acr.ca\/fr\/wp-json\/wp\/v2\/pages\/2130\/revisions"}],"wp:featuredmedia":[{"embeddable":true,"href":"https:\/\/www.cab-acr.ca\/fr\/wp-json\/wp\/v2\/media\/2122"}],"wp:attachment":[{"href":"https:\/\/www.cab-acr.ca\/fr\/wp-json\/wp\/v2\/media?parent=2130"}],"curies":[{"name":"wp","href":"https:\/\/api.w.org\/{rel}","templated":true}]}}