{"id":2125,"date":"2022-01-05T16:39:53","date_gmt":"2022-01-05T21:39:53","guid":{"rendered":"https:\/\/cab-acr.ca\/about-us\/"},"modified":"2026-03-05T17:08:55","modified_gmt":"2026-03-05T22:08:55","slug":"a-propos-de-lacr","status":"publish","type":"page","link":"https:\/\/www.cab-acr.ca\/fr\/a-propos-de-lacr\/","title":{"rendered":"\u00c0 propos de l\u2019ACR"},"content":{"rendered":"\n<div class=\"wp-block-group alignwide\" style=\"padding-top:var(--wp--preset--spacing--80);padding-right:0;padding-bottom:var(--wp--preset--spacing--80);padding-left:0\"><div class=\"wp-block-group__inner-container is-layout-constrained wp-container-core-group-is-layout-800214b8 wp-block-group-is-layout-constrained\">\n<h2 class=\"wp-block-heading has-text-align-center has-text-color has-link-color wp-elements-959257a07ee503f95ae73856c2809018\" style=\"color:#170156\">L\u2019ACR est le porte-parole national des radiodiffuseurs priv\u00e9s du Canada. Elle repr\u00e9sente la grande majorit\u00e9 des services de programmation priv\u00e9e canadiens, y compris les stations de radio et de t\u00e9l\u00e9vision, les r\u00e9seaux et les services de t\u00e9l\u00e9vision sp\u00e9cialis\u00e9e, payante et \u00e0 la carte.<\/h2>\n<\/div><\/div>\n","protected":false},"excerpt":{"rendered":"<p>L\u2019ACR est le porte-parole national des radiodiffuseurs priv\u00e9s du Canada. Elle repr\u00e9sente la grande majorit\u00e9 des services de programmation priv\u00e9e canadiens, y compris les stations de radio et de t\u00e9l\u00e9vision, les r\u00e9seaux et les services de t\u00e9l\u00e9vision sp\u00e9cialis\u00e9e, payante et \u00e0 la carte.<\/p>\n","protected":false},"author":4,"featured_media":2117,"parent":0,"menu_order":0,"comment_status":"closed","ping_status":"closed","template":"","meta":{"_acf_changed":true,"_genesis_hide_title":false,"_genesis_hide_breadcrumbs":false,"_genesis_hide_singular_image":false,"_genesis_hide_footer_widgets":false,"_genesis_custom_body_class":"","_genesis_custom_post_class":"","_genesis_layout":"","footnotes":""},"class_list":{"0":"post-2125","1":"page","2":"type-page","3":"status-publish","4":"has-post-thumbnail","6":"entry"},"acf":{"page_builder":[{"acf_fc_layout":"block-featured","remove_padding":["top","bottom"],"block_featured_section_add_bottom_curve":true,"align_wave_to_top_or_bottom_of_the_section":"bottom","block_featured_section":{"block_featured_section_details":{"block_featured_section_title":"La voix et le choix des Canadiens","block_featured_section_description":"","block_featured_section_button_text":"","block_featured_section_button_link":null},"block_featured_section_image":2120}},{"acf_fc_layout":"block-alternating-sections","remove_padding":"","reverse_start":true,"block_alternating_section":[{"block_alternating_section_content":{"block_alternating_section_content_text":{"block_alternating_section_content_title":"La vision de l'ACR","block_alternating_section_content_description":"L\u2019objectif de l\u2019ACR consiste \u00e0 d\u00e9fendre et \u00e0 promouvoir les int\u00e9r\u00eats des radiodiffuseurs priv\u00e9s du Canada au sein de la structure sociale, culturelle et \u00e9conomique du pays.","block_alternating_section_content_button_text":"","block_alternating_section_content_button_link":null},"block_alternating_section_content_image":2121}},{"block_alternating_section_content":{"block_alternating_section_content_text":{"block_alternating_section_content_title":"La mission de l'ACR","block_alternating_section_content_description":"\u00catre \u00e0 l\u2019aff\u00fbt de l\u2019\u00e9volution de l\u2019environnement touchant le secteur de la radiodiffusion priv\u00e9e, faire des repr\u00e9sentations et du lobbyisme pour le compte de ce secteur et agir comme point central d\u2019action en ce qui concerne les questions d\u2019int\u00e9r\u00eat commun.","block_alternating_section_content_button_text":"","block_alternating_section_content_button_link":null},"block_alternating_section_content_image":2070}}]},{"acf_fc_layout":"block-people","remove_padding":["top"],"block_people_section_title":"Conseil des PDG de la radio","block_people_shortcode_selector":"board"},{"acf_fc_layout":"block-people","remove_padding":["top"],"block_people_section_title":"Conseil d'administration de l'ACR","block_people_shortcode_selector":"council"}]},"yoast_head":"<!-- This site is optimized with the Yoast SEO plugin v27.4 - https:\/\/yoast.com\/product\/yoast-seo-wordpress\/ -->\n<title>\u00c0 propos de l\u2019ACR - Association canadienne des radiodiffuseurs<\/title>\n<meta name=\"robots\" content=\"index, follow, max-snippet:-1, max-image-preview:large, max-video-preview:-1\" \/>\n<link rel=\"canonical\" href=\"https:\/\/www.cab-acr.ca\/fr\/a-propos-de-lacr\/\" \/>\n<meta property=\"og:locale\" content=\"fr_FR\" \/>\n<meta property=\"og:type\" content=\"article\" \/>\n<meta property=\"og:title\" content=\"\u00c0 propos de l\u2019ACR - Association canadienne des radiodiffuseurs\" \/>\n<meta property=\"og:description\" content=\"L\u2019ACR est le porte-parole national des radiodiffuseurs priv\u00e9s du Canada. Elle repr\u00e9sente la grande majorit\u00e9 des services de programmation priv\u00e9e canadiens, y compris les stations de radio et de t\u00e9l\u00e9vision, les r\u00e9seaux et les services de t\u00e9l\u00e9vision sp\u00e9cialis\u00e9e, payante et \u00e0 la carte.\" \/>\n<meta property=\"og:url\" content=\"https:\/\/www.cab-acr.ca\/fr\/a-propos-de-lacr\/\" \/>\n<meta property=\"og:site_name\" content=\"Association canadienne des radiodiffuseurs\" \/>\n<meta property=\"article:modified_time\" content=\"2026-03-05T22:08:55+00:00\" \/>\n<meta property=\"og:image\" content=\"https:\/\/www.cab-acr.ca\/wp-content\/uploads\/2022\/01\/aboutus-heroimg.png\" \/>\n\t<meta property=\"og:image:width\" content=\"2121\" \/>\n\t<meta property=\"og:image:height\" content=\"839\" \/>\n\t<meta property=\"og:image:type\" content=\"image\/png\" \/>\n<meta name=\"twitter:card\" content=\"summary_large_image\" \/>\n<meta name=\"twitter:label1\" content=\"Dur\u00e9e de lecture estim\u00e9e\" \/>\n\t<meta name=\"twitter:data1\" content=\"1 minute\" \/>\n<script type=\"application\/ld+json\" class=\"yoast-schema-graph\">{\"@context\":\"https:\\\/\\\/schema.org\",\"@graph\":[{\"@type\":\"WebPage\",\"@id\":\"https:\\\/\\\/www.cab-acr.ca\\\/fr\\\/a-propos-de-lacr\\\/\",\"url\":\"https:\\\/\\\/www.cab-acr.ca\\\/fr\\\/a-propos-de-lacr\\\/\",\"name\":\"\u00c0 propos de l\u2019ACR - Association canadienne des radiodiffuseurs\",\"isPartOf\":{\"@id\":\"https:\\\/\\\/www.cab-acr.ca\\\/fr\\\/#website\"},\"primaryImageOfPage\":{\"@id\":\"https:\\\/\\\/www.cab-acr.ca\\\/fr\\\/a-propos-de-lacr\\\/#primaryimage\"},\"image\":{\"@id\":\"https:\\\/\\\/www.cab-acr.ca\\\/fr\\\/a-propos-de-lacr\\\/#primaryimage\"},\"thumbnailUrl\":\"https:\\\/\\\/www.cab-acr.ca\\\/wp-content\\\/uploads\\\/2022\\\/01\\\/aboutus-heroimg.png\",\"datePublished\":\"2022-01-05T21:39:53+00:00\",\"dateModified\":\"2026-03-05T22:08:55+00:00\",\"breadcrumb\":{\"@id\":\"https:\\\/\\\/www.cab-acr.ca\\\/fr\\\/a-propos-de-lacr\\\/#breadcrumb\"},\"inLanguage\":\"fr-FR\",\"potentialAction\":[{\"@type\":\"ReadAction\",\"target\":[\"https:\\\/\\\/www.cab-acr.ca\\\/fr\\\/a-propos-de-lacr\\\/\"]}]},{\"@type\":\"ImageObject\",\"inLanguage\":\"fr-FR\",\"@id\":\"https:\\\/\\\/www.cab-acr.ca\\\/fr\\\/a-propos-de-lacr\\\/#primaryimage\",\"url\":\"https:\\\/\\\/www.cab-acr.ca\\\/wp-content\\\/uploads\\\/2022\\\/01\\\/aboutus-heroimg.png\",\"contentUrl\":\"https:\\\/\\\/www.cab-acr.ca\\\/wp-content\\\/uploads\\\/2022\\\/01\\\/aboutus-heroimg.png\",\"width\":2121,\"height\":839},{\"@type\":\"BreadcrumbList\",\"@id\":\"https:\\\/\\\/www.cab-acr.ca\\\/fr\\\/a-propos-de-lacr\\\/#breadcrumb\",\"itemListElement\":[{\"@type\":\"ListItem\",\"position\":1,\"name\":\"Home\",\"item\":\"https:\\\/\\\/www.cab-acr.ca\\\/fr\\\/\"},{\"@type\":\"ListItem\",\"position\":2,\"name\":\"\u00c0 propos de l\u2019ACR\"}]},{\"@type\":\"WebSite\",\"@id\":\"https:\\\/\\\/www.cab-acr.ca\\\/fr\\\/#website\",\"url\":\"https:\\\/\\\/www.cab-acr.ca\\\/fr\\\/\",\"name\":\"Association canadienne des radiodiffuseurs\",\"description\":\"ACR\",\"potentialAction\":[{\"@type\":\"SearchAction\",\"target\":{\"@type\":\"EntryPoint\",\"urlTemplate\":\"https:\\\/\\\/www.cab-acr.ca\\\/fr\\\/?s={search_term_string}\"},\"query-input\":{\"@type\":\"PropertyValueSpecification\",\"valueRequired\":true,\"valueName\":\"search_term_string\"}}],\"inLanguage\":\"fr-FR\"}]}<\/script>\n<!-- \/ Yoast SEO plugin. -->","yoast_head_json":{"title":"\u00c0 propos de l\u2019ACR - Association canadienne des radiodiffuseurs","robots":{"index":"index","follow":"follow","max-snippet":"max-snippet:-1","max-image-preview":"max-image-preview:large","max-video-preview":"max-video-preview:-1"},"canonical":"https:\/\/www.cab-acr.ca\/fr\/a-propos-de-lacr\/","og_locale":"fr_FR","og_type":"article","og_title":"\u00c0 propos de l\u2019ACR - Association canadienne des radiodiffuseurs","og_description":"L\u2019ACR est le porte-parole national des radiodiffuseurs priv\u00e9s du Canada. Elle repr\u00e9sente la grande majorit\u00e9 des services de programmation priv\u00e9e canadiens, y compris les stations de radio et de t\u00e9l\u00e9vision, les r\u00e9seaux et les services de t\u00e9l\u00e9vision sp\u00e9cialis\u00e9e, payante et \u00e0 la carte.","og_url":"https:\/\/www.cab-acr.ca\/fr\/a-propos-de-lacr\/","og_site_name":"Association canadienne des radiodiffuseurs","article_modified_time":"2026-03-05T22:08:55+00:00","og_image":[{"width":2121,"height":839,"url":"https:\/\/www.cab-acr.ca\/wp-content\/uploads\/2022\/01\/aboutus-heroimg.png","type":"image\/png"}],"twitter_card":"summary_large_image","twitter_misc":{"Dur\u00e9e de lecture estim\u00e9e":"1 minute"},"schema":{"@context":"https:\/\/schema.org","@graph":[{"@type":"WebPage","@id":"https:\/\/www.cab-acr.ca\/fr\/a-propos-de-lacr\/","url":"https:\/\/www.cab-acr.ca\/fr\/a-propos-de-lacr\/","name":"\u00c0 propos de l\u2019ACR - Association canadienne des radiodiffuseurs","isPartOf":{"@id":"https:\/\/www.cab-acr.ca\/fr\/#website"},"primaryImageOfPage":{"@id":"https:\/\/www.cab-acr.ca\/fr\/a-propos-de-lacr\/#primaryimage"},"image":{"@id":"https:\/\/www.cab-acr.ca\/fr\/a-propos-de-lacr\/#primaryimage"},"thumbnailUrl":"https:\/\/www.cab-acr.ca\/wp-content\/uploads\/2022\/01\/aboutus-heroimg.png","datePublished":"2022-01-05T21:39:53+00:00","dateModified":"2026-03-05T22:08:55+00:00","breadcrumb":{"@id":"https:\/\/www.cab-acr.ca\/fr\/a-propos-de-lacr\/#breadcrumb"},"inLanguage":"fr-FR","potentialAction":[{"@type":"ReadAction","target":["https:\/\/www.cab-acr.ca\/fr\/a-propos-de-lacr\/"]}]},{"@type":"ImageObject","inLanguage":"fr-FR","@id":"https:\/\/www.cab-acr.ca\/fr\/a-propos-de-lacr\/#primaryimage","url":"https:\/\/www.cab-acr.ca\/wp-content\/uploads\/2022\/01\/aboutus-heroimg.png","contentUrl":"https:\/\/www.cab-acr.ca\/wp-content\/uploads\/2022\/01\/aboutus-heroimg.png","width":2121,"height":839},{"@type":"BreadcrumbList","@id":"https:\/\/www.cab-acr.ca\/fr\/a-propos-de-lacr\/#breadcrumb","itemListElement":[{"@type":"ListItem","position":1,"name":"Home","item":"https:\/\/www.cab-acr.ca\/fr\/"},{"@type":"ListItem","position":2,"name":"\u00c0 propos de l\u2019ACR"}]},{"@type":"WebSite","@id":"https:\/\/www.cab-acr.ca\/fr\/#website","url":"https:\/\/www.cab-acr.ca\/fr\/","name":"Association canadienne des radiodiffuseurs","description":"ACR","potentialAction":[{"@type":"SearchAction","target":{"@type":"EntryPoint","urlTemplate":"https:\/\/www.cab-acr.ca\/fr\/?s={search_term_string}"},"query-input":{"@type":"PropertyValueSpecification","valueRequired":true,"valueName":"search_term_string"}}],"inLanguage":"fr-FR"}]}},"_links":{"self":[{"href":"https:\/\/www.cab-acr.ca\/fr\/wp-json\/wp\/v2\/pages\/2125","targetHints":{"allow":["GET"]}}],"collection":[{"href":"https:\/\/www.cab-acr.ca\/fr\/wp-json\/wp\/v2\/pages"}],"about":[{"href":"https:\/\/www.cab-acr.ca\/fr\/wp-json\/wp\/v2\/types\/page"}],"author":[{"embeddable":true,"href":"https:\/\/www.cab-acr.ca\/fr\/wp-json\/wp\/v2\/users\/4"}],"replies":[{"embeddable":true,"href":"https:\/\/www.cab-acr.ca\/fr\/wp-json\/wp\/v2\/comments?post=2125"}],"version-history":[{"count":0,"href":"https:\/\/www.cab-acr.ca\/fr\/wp-json\/wp\/v2\/pages\/2125\/revisions"}],"wp:featuredmedia":[{"embeddable":true,"href":"https:\/\/www.cab-acr.ca\/fr\/wp-json\/wp\/v2\/media\/2117"}],"wp:attachment":[{"href":"https:\/\/www.cab-acr.ca\/fr\/wp-json\/wp\/v2\/media?parent=2125"}],"curies":[{"name":"wp","href":"https:\/\/api.w.org\/{rel}","templated":true}]}}