{"id":1407,"date":"2022-01-06T14:32:30","date_gmt":"2022-01-06T14:32:30","guid":{"rendered":"https:\/\/cab-acr.ca\/page-daccueil\/"},"modified":"2023-07-12T20:15:53","modified_gmt":"2023-07-12T20:15:53","slug":"page-daccueil","status":"publish","type":"page","link":"https:\/\/www.cab-acr.ca\/fr\/","title":{"rendered":"Page d\u2019accueil"},"content":{"rendered":"","protected":false},"excerpt":{"rendered":"","protected":false},"author":4,"featured_media":0,"parent":0,"menu_order":0,"comment_status":"closed","ping_status":"closed","template":"","meta":{"_acf_changed":false,"_genesis_hide_title":false,"_genesis_hide_breadcrumbs":false,"_genesis_hide_singular_image":false,"_genesis_hide_footer_widgets":false,"_genesis_custom_body_class":"","_genesis_custom_post_class":"","_genesis_layout":"","footnotes":""},"class_list":{"0":"post-1407","1":"page","2":"type-page","3":"status-publish","5":"entry"},"acf":{"page_builder":[{"acf_fc_layout":"block-cta","cta_background_colour":"purple","cta_text":"Les radiodiffuseurs priv\u00e9s font partie int\u00e9grante de la structure culturelle et \u00e9conomique des communaut\u00e9s de toutes les tailles du pays. Nous soutenons le contenu canadien r\u00e9alis\u00e9 par des Canadiens pour les Canadiens."},{"acf_fc_layout":"block-featured","remove_padding":["top","bottom"],"block_featured_section_add_bottom_curve":true,"align_wave_to_top_or_bottom_of_the_section":"bottom","block_featured_section":{"block_featured_section_details":{"block_featured_section_title":"La valeur des radiodiffuseurs priv\u00e9s","block_featured_section_description":"Les radiodiffuseurs priv\u00e9s appuient les initiatives communautaires et offrent une plateforme pour les cr\u00e9ateurs et les commerces canadiens. Ils cr\u00e9ent et conservent des centaines de milliers d\u2019emplois. ","block_featured_section_button_text":"En savoir davantage","block_featured_section_button_link":2126},"block_featured_section_image":2115}},{"acf_fc_layout":"block-journal-feed","remove_padding":"","block_journal_posts_shortcode_title":"Nouvelles","block_journal_posts_shortcode_generator":{"block_journal_posts_shortcode_generator_number_of_posts":3,"block_journal_posts_shortcode_generator_categories":[],"block_journal_posts_shortcode_generator_post_ids":null,"block_journal_posts_shortcode_generator_sortby":"date"}}]},"yoast_head":"<!-- This site is optimized with the Yoast SEO plugin v27.5 - https:\/\/yoast.com\/product\/yoast-seo-wordpress\/ -->\n<title>Association canadienne des radiodiffuseurs<\/title>\n<meta name=\"robots\" content=\"index, follow, max-snippet:-1, max-image-preview:large, max-video-preview:-1\" \/>\n<link rel=\"canonical\" href=\"https:\/\/www.cab-acr.ca\/fr\/\" \/>\n<meta property=\"og:locale\" content=\"fr_FR\" \/>\n<meta property=\"og:type\" content=\"article\" \/>\n<meta property=\"og:title\" content=\"Association canadienne des radiodiffuseurs\" \/>\n<meta property=\"og:url\" content=\"https:\/\/www.cab-acr.ca\/fr\/\" \/>\n<meta property=\"og:site_name\" content=\"Association canadienne des radiodiffuseurs\" \/>\n<meta property=\"article:modified_time\" content=\"2023-07-12T20:15:53+00:00\" \/>\n<meta name=\"twitter:card\" content=\"summary_large_image\" \/>\n<script type=\"application\/ld+json\" class=\"yoast-schema-graph\">{\"@context\":\"https:\\\/\\\/schema.org\",\"@graph\":[{\"@type\":\"WebPage\",\"@id\":\"https:\\\/\\\/www.cab-acr.ca\\\/fr\\\/\",\"url\":\"https:\\\/\\\/www.cab-acr.ca\\\/fr\\\/\",\"name\":\"Association canadienne des radiodiffuseurs\",\"isPartOf\":{\"@id\":\"https:\\\/\\\/www.cab-acr.ca\\\/fr\\\/#website\"},\"datePublished\":\"2022-01-06T14:32:30+00:00\",\"dateModified\":\"2023-07-12T20:15:53+00:00\",\"breadcrumb\":{\"@id\":\"https:\\\/\\\/www.cab-acr.ca\\\/fr\\\/#breadcrumb\"},\"inLanguage\":\"fr-FR\",\"potentialAction\":[{\"@type\":\"ReadAction\",\"target\":[\"https:\\\/\\\/www.cab-acr.ca\\\/fr\\\/\"]}]},{\"@type\":\"BreadcrumbList\",\"@id\":\"https:\\\/\\\/www.cab-acr.ca\\\/fr\\\/#breadcrumb\",\"itemListElement\":[{\"@type\":\"ListItem\",\"position\":1,\"name\":\"Home\",\"item\":\"https:\\\/\\\/www.cab-acr.ca\\\/fr\\\/\"},{\"@type\":\"ListItem\",\"position\":2,\"name\":\"Page d\u2019accueil\"}]},{\"@type\":\"WebSite\",\"@id\":\"https:\\\/\\\/www.cab-acr.ca\\\/fr\\\/#website\",\"url\":\"https:\\\/\\\/www.cab-acr.ca\\\/fr\\\/\",\"name\":\"Association canadienne des radiodiffuseurs\",\"description\":\"ACR\",\"potentialAction\":[{\"@type\":\"SearchAction\",\"target\":{\"@type\":\"EntryPoint\",\"urlTemplate\":\"https:\\\/\\\/www.cab-acr.ca\\\/fr\\\/?s={search_term_string}\"},\"query-input\":{\"@type\":\"PropertyValueSpecification\",\"valueRequired\":true,\"valueName\":\"search_term_string\"}}],\"inLanguage\":\"fr-FR\"}]}<\/script>\n<!-- \/ Yoast SEO plugin. -->","yoast_head_json":{"title":"Association canadienne des radiodiffuseurs","robots":{"index":"index","follow":"follow","max-snippet":"max-snippet:-1","max-image-preview":"max-image-preview:large","max-video-preview":"max-video-preview:-1"},"canonical":"https:\/\/www.cab-acr.ca\/fr\/","og_locale":"fr_FR","og_type":"article","og_title":"Association canadienne des radiodiffuseurs","og_url":"https:\/\/www.cab-acr.ca\/fr\/","og_site_name":"Association canadienne des radiodiffuseurs","article_modified_time":"2023-07-12T20:15:53+00:00","twitter_card":"summary_large_image","schema":{"@context":"https:\/\/schema.org","@graph":[{"@type":"WebPage","@id":"https:\/\/www.cab-acr.ca\/fr\/","url":"https:\/\/www.cab-acr.ca\/fr\/","name":"Association canadienne des radiodiffuseurs","isPartOf":{"@id":"https:\/\/www.cab-acr.ca\/fr\/#website"},"datePublished":"2022-01-06T14:32:30+00:00","dateModified":"2023-07-12T20:15:53+00:00","breadcrumb":{"@id":"https:\/\/www.cab-acr.ca\/fr\/#breadcrumb"},"inLanguage":"fr-FR","potentialAction":[{"@type":"ReadAction","target":["https:\/\/www.cab-acr.ca\/fr\/"]}]},{"@type":"BreadcrumbList","@id":"https:\/\/www.cab-acr.ca\/fr\/#breadcrumb","itemListElement":[{"@type":"ListItem","position":1,"name":"Home","item":"https:\/\/www.cab-acr.ca\/fr\/"},{"@type":"ListItem","position":2,"name":"Page d\u2019accueil"}]},{"@type":"WebSite","@id":"https:\/\/www.cab-acr.ca\/fr\/#website","url":"https:\/\/www.cab-acr.ca\/fr\/","name":"Association canadienne des radiodiffuseurs","description":"ACR","potentialAction":[{"@type":"SearchAction","target":{"@type":"EntryPoint","urlTemplate":"https:\/\/www.cab-acr.ca\/fr\/?s={search_term_string}"},"query-input":{"@type":"PropertyValueSpecification","valueRequired":true,"valueName":"search_term_string"}}],"inLanguage":"fr-FR"}]}},"_links":{"self":[{"href":"https:\/\/www.cab-acr.ca\/fr\/wp-json\/wp\/v2\/pages\/1407","targetHints":{"allow":["GET"]}}],"collection":[{"href":"https:\/\/www.cab-acr.ca\/fr\/wp-json\/wp\/v2\/pages"}],"about":[{"href":"https:\/\/www.cab-acr.ca\/fr\/wp-json\/wp\/v2\/types\/page"}],"author":[{"embeddable":true,"href":"https:\/\/www.cab-acr.ca\/fr\/wp-json\/wp\/v2\/users\/4"}],"replies":[{"embeddable":true,"href":"https:\/\/www.cab-acr.ca\/fr\/wp-json\/wp\/v2\/comments?post=1407"}],"version-history":[{"count":0,"href":"https:\/\/www.cab-acr.ca\/fr\/wp-json\/wp\/v2\/pages\/1407\/revisions"}],"wp:attachment":[{"href":"https:\/\/www.cab-acr.ca\/fr\/wp-json\/wp\/v2\/media?parent=1407"}],"curies":[{"name":"wp","href":"https:\/\/api.w.org\/{rel}","templated":true}]}}